{"id":18533,"date":"2024-12-11T21:31:33","date_gmt":"2024-12-11T20:31:33","guid":{"rendered":"https:\/\/acidmoto.ch\/site\/?page_id=18533"},"modified":"2026-04-03T23:38:40","modified_gmt":"2026-04-03T21:38:40","slug":"info-hub-acidtracks","status":"publish","type":"page","link":"https:\/\/acidmoto.ch\/site\/info-hub-acidtracks\/","title":{"rendered":"Info HUB AcidTracks"},"content":{"rendered":"<div class=\"wpb-content-wrapper\"><p>[vc_row css=\u00a0\u00bb.vc_custom_1742640185119{background-color: #888888 !important;}\u00a0\u00bb][vc_column][vc_column_text css=\u00a0\u00bb\u00a0\u00bb]<\/p>\n<h2>PROCHAINE SORTIE<\/h2>\n<p>La prochaine sortie a lieu le lundi 4, mardi 5 et mercredi 6 mai 2026 sur le circuit de Misano. Le guide complet pour ce roulage est \u00e0 d\u00e9couvrir en suivant ce bouton.[\/vc_column_text][vc_btn title=\u00a0\u00bbGUIDE MISANO\u00a0\u00bb style=\u00a0\u00bboutline-custom\u00a0\u00bb size=\u00a0\u00bblg\u00a0\u00bb align=\u00a0\u00bbcenter\u00a0\u00bb css=\u00a0\u00bb\u00a0\u00bb custom_onclick=\u00a0\u00bbtrue\u00a0\u00bb custom_onclick_code=\u00a0\u00bbtarget=\u00ab\u00a0_blank\u00ab\u00a0\u00a0\u00bb link=\u00a0\u00bburl:https%3A%2F%2Facidmoto.ch%2Fsite%2Fguide-circuit-de-misano-world-circuit-marco-simoncelli%2F|title:Guide%20Circuit%20de%20Misano\u00a0\u00bb][\/vc_column][\/vc_row][vc_row][vc_column width=\u00a0\u00bb1\/3&Prime;][vc_column_text css=\u00a0\u00bb\u00a0\u00bb]<\/p>\n<h2 style=\"text-align: center;\">Groupe WhatsApp<\/h2>\n<p>[\/vc_column_text][vc_single_image image=\u00a0\u00bb18534&Prime; img_size=\u00a0\u00bbheight=300px\u00a0\u00bb alignment=\u00a0\u00bbcenter\u00a0\u00bb css=\u00a0\u00bb\u00a0\u00bb][vc_btn title=\u00a0\u00bbRejoindre\u00a0\u00bb style=\u00a0\u00bboutline-custom\u00a0\u00bb size=\u00a0\u00bblg\u00a0\u00bb align=\u00a0\u00bbcenter\u00a0\u00bb css=\u00a0\u00bb\u00a0\u00bb custom_onclick=\u00a0\u00bbtrue\u00a0\u00bb custom_onclick_code=\u00a0\u00bbtarget=\u00ab\u00a0_blank\u00ab\u00a0\u00a0\u00bb link=\u00a0\u00bburl:http%3A%2F%2Fchat.whatsapp.com%2FEUjXRc4x5T48H77Zau9Ghp\u00a0\u00bb][\/vc_column][vc_column width=\u00a0\u00bb1\/3&Prime;][vc_column_text css=\u00a0\u00bb\u00a0\u00bb]<\/p>\n<h2 style=\"text-align: center;\">App Horaire<\/h2>\n<p>[\/vc_column_text][vc_single_image image=\u00a0\u00bb21097&Prime; img_size=\u00a0\u00bbfull\u00a0\u00bb alignment=\u00a0\u00bbcenter\u00a0\u00bb onclick=\u00a0\u00bbcustom_link\u00a0\u00bb css=\u00a0\u00bb\u00a0\u00bb link=\u00a0\u00bbhttp:\/\/app.acidtracks.ch\u00a0\u00bb][vc_btn title=\u00a0\u00bbApp.AcidTracks.ch\u00a0\u00bb style=\u00a0\u00bboutline-custom\u00a0\u00bb size=\u00a0\u00bblg\u00a0\u00bb align=\u00a0\u00bbcenter\u00a0\u00bb css=\u00a0\u00bb\u00a0\u00bb custom_onclick=\u00a0\u00bbtrue\u00a0\u00bb custom_onclick_code=\u00a0\u00bbtarget=\u00ab\u00a0_blank\u00ab\u00a0\u00a0\u00bb link=\u00a0\u00bburl:https%3A%2F%2Fapp.acidtracks.ch\u00a0\u00bb][\/vc_column][vc_column width=\u00a0\u00bb1\/3&Prime;][vc_column_text css=\u00a0\u00bb\u00a0\u00bb]<\/p>\n<h2 style=\"text-align: center;\">Horaire en PDF<\/h2>\n<p>[\/vc_column_text][vc_single_image image=\u00a0\u00bb18535&Prime; img_size=\u00a0\u00bbheight=300px\u00a0\u00bb alignment=\u00a0\u00bbcenter\u00a0\u00bb css=\u00a0\u00bb\u00a0\u00bb][vc_btn title=\u00a0\u00bbT\u00e9l\u00e9charger\u00a0\u00bb style=\u00a0\u00bboutline-custom\u00a0\u00bb size=\u00a0\u00bblg\u00a0\u00bb align=\u00a0\u00bbcenter\u00a0\u00bb css=\u00a0\u00bb\u00a0\u00bb custom_onclick=\u00a0\u00bbtrue\u00a0\u00bb custom_onclick_code=\u00a0\u00bbtarget=\u00ab\u00a0_blank\u00ab\u00a0\u00a0\u00bb link=\u00a0\u00bburl:https%3A%2F%2Facidmoto.ch%2Facidtracks%2Fstatic%2Fplan_roulage_misano_2026.pdf\u00a0\u00bb][\/vc_column][\/vc_row][vc_row css=\u00a0\u00bb.vc_custom_1774252280925{border-radius: 3px !important;border-color: #FF0000 !important;}\u00a0\u00bb][vc_column][vc_separator css=\u00a0\u00bb\u00a0\u00bb][vc_row_inner el_id=\u00a0\u00bbairbag\u00a0\u00bb][vc_column_inner width=\u00a0\u00bb2\/3&Prime;][vc_column_text css=\u00a0\u00bb\u00a0\u00bb]<\/p>\n<h3>SERVICE AIRBAG<\/h3>\n<p>Depuis 2026, AcidTracks est la premi\u00e8re <em>Organisation partenaire d&rsquo;In&amp;Motion\u00a0<\/em>install\u00e9e en Suisse. Lors d&rsquo;un roulage, vous trouverez un interlocuteur form\u00e9 par In&amp;Motion pour des petites op\u00e9rations de base qui permettent de d\u00e9panner les utilisateurs (bug de box, remplacement de cartouche, etc.) et pourra r\u00e9pondre aux questions les plus fr\u00e9quentes sur cet \u00e9quipement. AcidTracks place la s\u00e9curit\u00e9 au c\u0153ur de ses pr\u00e9occupations et un \u00e9quipement tel qu&rsquo;un airbag aide \u00e0 rendre notre sport plus s\u00fbr.[\/vc_column_text][\/vc_column_inner][vc_column_inner width=\u00a0\u00bb1\/3&Prime;][vc_empty_space][vc_single_image image=\u00a0\u00bb25187&Prime; img_size=\u00a0\u00bbfull\u00a0\u00bb alignment=\u00a0\u00bbcenter\u00a0\u00bb css=\u00a0\u00bb\u00a0\u00bb][\/vc_column_inner][\/vc_row_inner][vc_separator css=\u00a0\u00bb\u00a0\u00bb][\/vc_column][\/vc_row][vc_row disable_element=\u00a0\u00bbyes\u00a0\u00bb][vc_column][vc_zigzag][vc_empty_space][vc_row_inner][vc_column_inner width=\u00a0\u00bb1\/2&Prime;][vc_column_text css=\u00a0\u00bb\u00a0\u00bb]<\/p>\n<h2 style=\"text-align: center;\">Fonctionnement coaching<\/h2>\n<p>[\/vc_column_text][vc_video link=\u00a0\u00bbhttps:\/\/www.youtube.com\/watch?v=et8HsxBOimk\u00a0\u00bb align=\u00a0\u00bbcenter\u00a0\u00bb css=\u00a0\u00bb\u00a0\u00bb][\/vc_column_inner][vc_column_inner width=\u00a0\u00bb1\/2&Prime;][\/vc_column_inner][\/vc_row_inner][vc_row_inner][vc_column_inner][vc_empty_space][vc_zigzag][\/vc_column_inner][\/vc_row_inner][\/vc_column][\/vc_row][vc_row][vc_column width=\u00a0\u00bb1\/2&Prime;][vc_column_text css=\u00a0\u00bb\u00a0\u00bb]<\/p>\n<h2 style=\"text-align: center;\">Mon meilleur tour<\/h2>\n<p>Tableau mis \u00e0 jour qu&rsquo;une fois par jour ![\/vc_column_text][vc_single_image image=\u00a0\u00bb18538&Prime; img_size=\u00a0\u00bb300&#215;168&Prime; alignment=\u00a0\u00bbcenter\u00a0\u00bb css=\u00a0\u00bb\u00a0\u00bb][vc_btn title=\u00a0\u00bbVoir 1 chrono\u00a0\u00bb style=\u00a0\u00bboutline-custom\u00a0\u00bb size=\u00a0\u00bblg\u00a0\u00bb align=\u00a0\u00bbcenter\u00a0\u00bb css=\u00a0\u00bb\u00a0\u00bb custom_onclick=\u00a0\u00bbtrue\u00a0\u00bb custom_onclick_code=\u00a0\u00bbtarget=\u00ab\u00a0_blank\u00ab\u00a0\u00ab\u00a0][\/vc_column][vc_column width=\u00a0\u00bb1\/2&Prime;][vc_column_text css=\u00a0\u00bb\u00a0\u00bb]<\/p>\n<h2 style=\"text-align: center;\">Groupes<\/h2>\n<p>Consulter dans quel groupe je roule.[\/vc_column_text][vc_single_image image=\u00a0\u00bb18539&Prime; img_size=\u00a0\u00bb168&#215;168&Prime; alignment=\u00a0\u00bbcenter\u00a0\u00bb css=\u00a0\u00bb\u00a0\u00bb][vc_btn title=\u00a0\u00bbVoir les groupes\u00a0\u00bb style=\u00a0\u00bboutline-custom\u00a0\u00bb size=\u00a0\u00bblg\u00a0\u00bb align=\u00a0\u00bbcenter\u00a0\u00bb css=\u00a0\u00bb\u00a0\u00bb custom_onclick=\u00a0\u00bbtrue\u00a0\u00bb custom_onclick_code=\u00a0\u00bbtarget=\u00ab\u00a0_blank\u00ab\u00a0\u00ab\u00a0][\/vc_column][\/vc_row][vc_row disable_element=\u00a0\u00bbyes\u00a0\u00bb][vc_column][vc_column_text css=\u00a0\u00bb\u00a0\u00bb]<\/p>\n<h2>Photos<\/h2>\n<p>Nos photos restent disponibles plusieurs ann\u00e9es sur notre galerie en ligne. Les photos peuvent \u00eatre t\u00e9l\u00e9charg\u00e9es facilement en 2048 px de large et on t&rsquo;est reconnaissant de publier ces images sans faire disparaitre notre logo. Tu re\u00e7ois g\u00e9n\u00e9ralement un e-mail pour t&rsquo;informer lorsque de nouvelles images sont disponibles.[\/vc_column_text][vc_btn title=\u00a0\u00bbVers la galerie photos\u00a0\u00bb style=\u00a0\u00bboutline-custom\u00a0\u00bb size=\u00a0\u00bblg\u00a0\u00bb align=\u00a0\u00bbcenter\u00a0\u00bb css=\u00a0\u00bb\u00a0\u00bb custom_onclick=\u00a0\u00bbtrue\u00a0\u00bb custom_onclick_code=\u00a0\u00bbtarget=\u00ab\u00a0_blank\u00ab\u00a0\u00a0\u00bb link=\u00a0\u00bburl:https%3A%2F%2Fphotos.acidmoto.ch\u00a0\u00bb][vc_row_inner][vc_column_inner width=\u00a0\u00bb1\/2&Prime;][vc_single_image image=\u00a0\u00bb20936&Prime; img_size=\u00a0\u00bbfull\u00a0\u00bb alignment=\u00a0\u00bbcenter\u00a0\u00bb onclick=\u00a0\u00bbcustom_link\u00a0\u00bb css=\u00a0\u00bb\u00a0\u00bb link=\u00a0\u00bbhttps:\/\/photos.acidmoto.ch\/index.php?\/category\/352&Prime;][\/vc_column_inner][vc_column_inner width=\u00a0\u00bb1\/2&Prime;][vc_single_image image=\u00a0\u00bb20937&Prime; img_size=\u00a0\u00bbfull\u00a0\u00bb alignment=\u00a0\u00bbcenter\u00a0\u00bb onclick=\u00a0\u00bbcustom_link\u00a0\u00bb css=\u00a0\u00bb\u00a0\u00bb link=\u00a0\u00bbhttps:\/\/photos.acidmoto.ch\/index.php?\/category\/359&Prime;][\/vc_column_inner][\/vc_row_inner][\/vc_column][\/vc_row][vc_row][vc_column][vc_separator css=\u00a0\u00bb\u00a0\u00bb][vc_column_text css=\u00a0\u00bb\u00a0\u00bb]<\/p>\n<h2>Photos<\/h2>\n<p>[\/vc_column_text][vc_column_text css=\u00a0\u00bb\u00a0\u00bb]\u00c0 Misano, le service photo est payant et peut \u00eatre retrouv\u00e9 au moyen du lien qui suit.[\/vc_column_text][vc_btn title=\u00a0\u00bbPhoto Snap Shot\u00a0\u00bb style=\u00a0\u00bboutline-custom\u00a0\u00bb size=\u00a0\u00bblg\u00a0\u00bb align=\u00a0\u00bbcenter\u00a0\u00bb css=\u00a0\u00bb\u00a0\u00bb custom_onclick=\u00a0\u00bbtrue\u00a0\u00bb custom_onclick_code=\u00a0\u00bbtarget=\u00ab\u00a0_blank\u00ab\u00a0\u00a0\u00bb link=\u00a0\u00bburl:https%3A%2F%2Fwww.fotosnapshot.com%2F\u00a0\u00bb][\/vc_column][\/vc_row]<\/p>\n<\/div>","protected":false},"excerpt":{"rendered":"<p>[vc_row css=\u00a0\u00bb.vc_custom_1742640185119{background-color: #888888 !important;}\u00a0\u00bb][vc_column][vc_column_text css=\u00a0\u00bb\u00a0\u00bb] PROCHAINE SORTIE La prochaine sortie a lieu le lundi 4, mardi 5 et mercredi 6 mai 2026 sur le circuit de Misano. Le guide complet pour ce roulage est \u00e0 d\u00e9couvrir en suivant ce bouton.[\/vc_column_text][vc_btn title=\u00a0\u00bbGUIDE MISANO\u00a0\u00bb style=\u00a0\u00bboutline-custom\u00a0\u00bb size=\u00a0\u00bblg\u00a0\u00bb align=\u00a0\u00bbcenter\u00a0\u00bb css=\u00a0\u00bb\u00a0\u00bb custom_onclick=\u00a0\u00bbtrue\u00a0\u00bb custom_onclick_code=\u00a0\u00bbtarget=\u00ab\u00a0_blank\u00ab\u00a0\u00a0\u00bb link=\u00a0\u00bburl:https%3A%2F%2Facidmoto.ch%2Fsite%2Fguide-circuit-de-misano-world-circuit-marco-simoncelli%2F|title:Guide%20Circuit%20de%20Misano\u00a0\u00bb][\/vc_column][\/vc_row][vc_row][vc_column width=\u00a0\u00bb1\/3&Prime;][vc_column_text css=\u00a0\u00bb\u00a0\u00bb] Groupe WhatsApp [\/vc_column_text][vc_single_image image=\u00a0\u00bb18534&Prime; [&hellip;]<\/p>\n","protected":false},"author":2,"featured_media":25042,"parent":0,"menu_order":0,"comment_status":"closed","ping_status":"closed","template":"","meta":{"_monsterinsights_skip_tracking":false,"_monsterinsights_sitenote_active":false,"_monsterinsights_sitenote_note":"","_monsterinsights_sitenote_category":0,"footnotes":""},"class_list":["post-18533","page","type-page","status-publish","has-post-thumbnail","hentry"],"_links":{"self":[{"href":"https:\/\/acidmoto.ch\/site\/wp-json\/wp\/v2\/pages\/18533","targetHints":{"allow":["GET"]}}],"collection":[{"href":"https:\/\/acidmoto.ch\/site\/wp-json\/wp\/v2\/pages"}],"about":[{"href":"https:\/\/acidmoto.ch\/site\/wp-json\/wp\/v2\/types\/page"}],"author":[{"embeddable":true,"href":"https:\/\/acidmoto.ch\/site\/wp-json\/wp\/v2\/users\/2"}],"replies":[{"embeddable":true,"href":"https:\/\/acidmoto.ch\/site\/wp-json\/wp\/v2\/comments?post=18533"}],"version-history":[{"count":24,"href":"https:\/\/acidmoto.ch\/site\/wp-json\/wp\/v2\/pages\/18533\/revisions"}],"predecessor-version":[{"id":25420,"href":"https:\/\/acidmoto.ch\/site\/wp-json\/wp\/v2\/pages\/18533\/revisions\/25420"}],"wp:featuredmedia":[{"embeddable":true,"href":"https:\/\/acidmoto.ch\/site\/wp-json\/wp\/v2\/media\/25042"}],"wp:attachment":[{"href":"https:\/\/acidmoto.ch\/site\/wp-json\/wp\/v2\/media?parent=18533"}],"curies":[{"name":"wp","href":"https:\/\/api.w.org\/{rel}","templated":true}]}}