{"id":12400,"date":"2024-02-13T20:11:54","date_gmt":"2024-02-13T19:11:54","guid":{"rendered":"https:\/\/acidmoto.ch\/site\/?page_id=12400"},"modified":"2024-03-16T02:45:09","modified_gmt":"2024-03-16T01:45:09","slug":"calculateur-dimpots-auto-moto-et-utilitaire-a-geneve","status":"publish","type":"page","link":"https:\/\/acidmoto.ch\/site\/calculateur-dimpots-auto-moto-et-utilitaire-a-geneve\/","title":{"rendered":"Calculateur d&rsquo;imp\u00f4ts auto, moto et utilitaire \u00e0 Gen\u00e8ve"},"content":{"rendered":"<div class=\"wpb-content-wrapper\"><p>[vc_row][vc_column][vc_column_text]<\/p>\n<h2>Le 3 mars 2024, les genevois ont accept\u00e9 le contreprojet en votation. Par cons\u00e9quent, la m\u00e9thode de calcul du CP, la nouvelle imposition, entrera prochainement en vigueur et l&rsquo;initiative 178 est enterr\u00e9e.<\/h2>\n<p>[\/vc_column_text][\/vc_column][\/vc_row][vc_row css=\u00a0\u00bb.vc_custom_1707827210568{background-color: #888888 !important;}\u00a0\u00bb el_id=\u00a0\u00bbcalculateur\u00a0\u00bb][vc_column width=\u00a0\u00bb1\/3&Prime;][vc_tta_tabs][vc_tta_section title=\u00a0\u00bbMoto\u00a0\u00bb tab_id=\u00a0\u00bb1707683753353-0f916f9e-06d44e2b-69d8&Prime;][vc_raw_html]JTNDaWZyYW1lJTIwd2lkdGglM0QlMjIzMDAlMjIlMjBoZWlnaHQlM0QlMjI0NzAlMjIlMjBzcmMlM0QlMjJodHRwcyUzQSUyRiUyRnd3dy5hY2lkbW90by5jaCUyRmNhbGN1bGF0ZXVyLW1vdG8tZ2UuaHRtbCUyMiUzRSUzQyUyRmlmcmFtZSUzRQ==[\/vc_raw_html][\/vc_tta_section][\/vc_tta_tabs][\/vc_column][vc_column width=\u00a0\u00bb1\/3&Prime;][vc_tta_tabs][vc_tta_section title=\u00a0\u00bbAuto\u00a0\u00bb tab_id=\u00a0\u00bb1707683753361-38e33038-cd624e2b-69d8&Prime;][vc_raw_html]JTNDaWZyYW1lJTIwd2lkdGglM0QlMjIzMDAlMjIlMjBoZWlnaHQlM0QlMjI2ODAlMjIlMjBzcmMlM0QlMjJodHRwcyUzQSUyRiUyRnd3dy5hY2lkbW90by5jaCUyRmNhbGN1bGF0ZXVyLWF1dG8tZ2UuaHRtbCUyMiUzRSUzQyUyRmlmcmFtZSUzRQ==[\/vc_raw_html][\/vc_tta_section][\/vc_tta_tabs][\/vc_column][vc_column width=\u00a0\u00bb1\/3&Prime;][vc_tta_tabs][vc_tta_section title=\u00a0\u00bbUtilitaire\u00a0\u00bb tab_id=\u00a0\u00bb1707683815928-6090ffa9-c9fe4e2b-69d8&Prime;][vc_raw_html]JTNDaWZyYW1lJTIwd2lkdGglM0QlMjIzMDAlMjIlMjBoZWlnaHQlM0QlMjI1MjUlMjIlMjBzcmMlM0QlMjJodHRwcyUzQSUyRiUyRnd3dy5hY2lkbW90by5jaCUyRmNhbGN1bGF0ZXVyLWNhbWlvbi1nZS5odG1sJTIyJTNFJTNDJTJGaWZyYW1lJTNF[\/vc_raw_html][\/vc_tta_section][\/vc_tta_tabs][\/vc_column][\/vc_row]<\/p>\n<\/div>","protected":false},"excerpt":{"rendered":"<p>[vc_row][vc_column][vc_column_text] Le 3 mars 2024, les genevois ont accept\u00e9 le contreprojet en votation. Par cons\u00e9quent, la m\u00e9thode de calcul du CP, la nouvelle imposition, entrera prochainement en vigueur et l&rsquo;initiative 178 est enterr\u00e9e. [\/vc_column_text][\/vc_column][\/vc_row][vc_row css=\u00a0\u00bb.vc_custom_1707827210568{background-color: #888888 !important;}\u00a0\u00bb el_id=\u00a0\u00bbcalculateur\u00a0\u00bb][vc_column width=\u00a0\u00bb1\/3&Prime;][vc_tta_tabs][vc_tta_section title=\u00a0\u00bbMoto\u00a0\u00bb tab_id=\u00a0\u00bb1707683753353-0f916f9e-06d44e2b-69d8&Prime;][vc_raw_html]JTNDaWZyYW1lJTIwd2lkdGglM0QlMjIzMDAlMjIlMjBoZWlnaHQlM0QlMjI0NzAlMjIlMjBzcmMlM0QlMjJodHRwcyUzQSUyRiUyRnd3dy5hY2lkbW90by5jaCUyRmNhbGN1bGF0ZXVyLW1vdG8tZ2UuaHRtbCUyMiUzRSUzQyUyRmlmcmFtZSUzRQ==[\/vc_raw_html][\/vc_tta_section][\/vc_tta_tabs][\/vc_column][vc_column width=\u00a0\u00bb1\/3&Prime;][vc_tta_tabs][vc_tta_section title=\u00a0\u00bbAuto\u00a0\u00bb tab_id=\u00a0\u00bb1707683753361-38e33038-cd624e2b-69d8&Prime;][vc_raw_html]JTNDaWZyYW1lJTIwd2lkdGglM0QlMjIzMDAlMjIlMjBoZWlnaHQlM0QlMjI2ODAlMjIlMjBzcmMlM0QlMjJodHRwcyUzQSUyRiUyRnd3dy5hY2lkbW90by5jaCUyRmNhbGN1bGF0ZXVyLWF1dG8tZ2UuaHRtbCUyMiUzRSUzQyUyRmlmcmFtZSUzRQ==[\/vc_raw_html][\/vc_tta_section][\/vc_tta_tabs][\/vc_column][vc_column width=\u00a0\u00bb1\/3&Prime;][vc_tta_tabs][vc_tta_section title=\u00a0\u00bbUtilitaire\u00a0\u00bb tab_id=\u00a0\u00bb1707683815928-6090ffa9-c9fe4e2b-69d8&Prime;][vc_raw_html]JTNDaWZyYW1lJTIwd2lkdGglM0QlMjIzMDAlMjIlMjBoZWlnaHQlM0QlMjI1MjUlMjIlMjBzcmMlM0QlMjJodHRwcyUzQSUyRiUyRnd3dy5hY2lkbW90by5jaCUyRmNhbGN1bGF0ZXVyLWNhbWlvbi1nZS5odG1sJTIyJTNFJTNDJTJGaWZyYW1lJTNF[\/vc_raw_html][\/vc_tta_section][\/vc_tta_tabs][\/vc_column][\/vc_row]<\/p>\n","protected":false},"author":2,"featured_media":1051,"parent":0,"menu_order":0,"comment_status":"closed","ping_status":"closed","template":"","meta":{"_monsterinsights_skip_tracking":false,"_monsterinsights_sitenote_active":false,"_monsterinsights_sitenote_note":"","_monsterinsights_sitenote_category":0,"footnotes":""},"class_list":["post-12400","page","type-page","status-publish","has-post-thumbnail","hentry"],"_links":{"self":[{"href":"https:\/\/acidmoto.ch\/site\/wp-json\/wp\/v2\/pages\/12400","targetHints":{"allow":["GET"]}}],"collection":[{"href":"https:\/\/acidmoto.ch\/site\/wp-json\/wp\/v2\/pages"}],"about":[{"href":"https:\/\/acidmoto.ch\/site\/wp-json\/wp\/v2\/types\/page"}],"author":[{"embeddable":true,"href":"https:\/\/acidmoto.ch\/site\/wp-json\/wp\/v2\/users\/2"}],"replies":[{"embeddable":true,"href":"https:\/\/acidmoto.ch\/site\/wp-json\/wp\/v2\/comments?post=12400"}],"version-history":[{"count":66,"href":"https:\/\/acidmoto.ch\/site\/wp-json\/wp\/v2\/pages\/12400\/revisions"}],"predecessor-version":[{"id":13144,"href":"https:\/\/acidmoto.ch\/site\/wp-json\/wp\/v2\/pages\/12400\/revisions\/13144"}],"wp:featuredmedia":[{"embeddable":true,"href":"https:\/\/acidmoto.ch\/site\/wp-json\/wp\/v2\/media\/1051"}],"wp:attachment":[{"href":"https:\/\/acidmoto.ch\/site\/wp-json\/wp\/v2\/media?parent=12400"}],"curies":[{"name":"wp","href":"https:\/\/api.w.org\/{rel}","templated":true}]}}